{"id":98,"date":"2024-06-12T19:08:03","date_gmt":"2024-06-12T19:08:03","guid":{"rendered":"http:\/\/indev.storyteller.lu\/?page_id=98"},"modified":"2024-10-11T22:18:10","modified_gmt":"2024-10-11T22:18:10","slug":"nos-outils","status":"publish","type":"page","link":"https:\/\/indev.storyteller.lu\/?page_id=98","title":{"rendered":"nos outils"},"content":{"rendered":"\t\t<div data-elementor-type=\"wp-page\" data-elementor-id=\"98\" class=\"elementor elementor-98\" data-elementor-post-type=\"page\">\n\t\t\t\t<div class=\"elementor-element elementor-element-191c8ce e-con-full e-flex e-con e-parent\" data-id=\"191c8ce\" data-element_type=\"container\" data-settings=\"{&quot;background_background&quot;:&quot;classic&quot;}\">\n\t\t\t\t<\/div>\n\t\t<div class=\"elementor-element elementor-element-39a6342 e-flex e-con-boxed e-con e-parent\" data-id=\"39a6342\" data-element_type=\"container\">\n\t\t\t\t\t<div class=\"e-con-inner\">\n\t\t\t\t<div class=\"elementor-element elementor-element-79e2be4 elementor-widget elementor-widget-heading\" data-id=\"79e2be4\" data-element_type=\"widget\" data-widget_type=\"heading.default\">\n\t\t\t\t<div class=\"elementor-widget-container\">\n\t\t\t<h1 class=\"elementor-heading-title elementor-size-default\">Nos cameras <br>\n&amp; stabilisateurs<\/h1>\t\t<\/div>\n\t\t\t\t<\/div>\n\t\t\t\t<div class=\"elementor-element elementor-element-fac21d8 elementor-widget__width-initial elementor-widget elementor-widget-text-editor\" data-id=\"fac21d8\" data-element_type=\"widget\" data-widget_type=\"text-editor.default\">\n\t\t\t\t<div class=\"elementor-widget-container\">\n\t\t\t\t\t\t\t<p>Votre vid\u00e9aste fait le point sur vos besoins et ajuste son mat\u00e9riel en cons\u00e9quence. La plupart de nos vid\u00e9os sont film\u00e9es avec une camera Sony Fx30 plac\u00e9e sur un stabilisateur. Nous disposons de plusieurs objectifs, afin de r\u00e9pondre \u00e0 vos besoins.<\/p>\t\t\t\t\t\t<\/div>\n\t\t\t\t<\/div>\n\t\t\t\t\t<\/div>\n\t\t\t\t<\/div>\n\t\t<div class=\"elementor-element elementor-element-208d5ca e-flex e-con-boxed e-con e-parent\" data-id=\"208d5ca\" data-element_type=\"container\">\n\t\t\t\t\t<div class=\"e-con-inner\">\n\t\t<div class=\"elementor-element elementor-element-8960557 e-con-full e-flex e-con e-child\" data-id=\"8960557\" data-element_type=\"container\">\n\t\t\t\t<div class=\"elementor-element elementor-element-bad8ffe elementor-widget__width-initial elementor-widget elementor-widget-heading\" data-id=\"bad8ffe\" data-element_type=\"widget\" data-widget_type=\"heading.default\">\n\t\t\t\t<div class=\"elementor-widget-container\">\n\t\t\t<h1 class=\"elementor-heading-title elementor-size-default\">Montage &amp; musiques libres de droit<\/h1>\t\t<\/div>\n\t\t\t\t<\/div>\n\t\t\t\t<div class=\"elementor-element elementor-element-6aedda6 elementor-widget elementor-widget-text-editor\" data-id=\"6aedda6\" data-element_type=\"widget\" data-widget_type=\"text-editor.default\">\n\t\t\t\t<div class=\"elementor-widget-container\">\n\t\t\t\t\t\t\t<p>Avant la r\u00e9alisation du montage, nous nous mettons d\u2019accord sur le choix de la musique. Si vous souhaitez sponsoriser votre vid\u00e9o, il est primordial de choisir une musique libre de droit. Sinon, nous discutons ensemble des derni\u00e8res musiques tendances et nous choisissons la musique parfaite pour votre vid\u00e9o.<\/p>\t\t\t\t\t\t<\/div>\n\t\t\t\t<\/div>\n\t\t\t\t<\/div>\n\t\t<div class=\"elementor-element elementor-element-5c5e59a e-con-full e-flex e-con e-child\" data-id=\"5c5e59a\" data-element_type=\"container\" data-settings=\"{&quot;background_background&quot;:&quot;classic&quot;}\">\n\t\t\t\t<\/div>\n\t\t<div class=\"elementor-element elementor-element-6582ead e-con-full e-flex e-con e-child\" data-id=\"6582ead\" data-element_type=\"container\">\n\t\t\t\t<div class=\"elementor-element elementor-element-1e33245 elementor-widget__width-initial elementor-widget elementor-widget-heading\" data-id=\"1e33245\" data-element_type=\"widget\" data-widget_type=\"heading.default\">\n\t\t\t\t<div class=\"elementor-widget-container\">\n\t\t\t<h1 class=\"elementor-heading-title elementor-size-default\">PRISE DE SON\n<\/h1>\t\t<\/div>\n\t\t\t\t<\/div>\n\t\t\t\t<div class=\"elementor-element elementor-element-d6aa5a3 elementor-widget elementor-widget-spacer\" data-id=\"d6aa5a3\" data-element_type=\"widget\" data-widget_type=\"spacer.default\">\n\t\t\t\t<div class=\"elementor-widget-container\">\n\t\t\t\t\t<div class=\"elementor-spacer\">\n\t\t\t<div class=\"elementor-spacer-inner\"><\/div>\n\t\t<\/div>\n\t\t\t\t<\/div>\n\t\t\t\t<\/div>\n\t\t\t\t<div class=\"elementor-element elementor-element-10c8acb elementor-widget elementor-widget-text-editor\" data-id=\"10c8acb\" data-element_type=\"widget\" data-widget_type=\"text-editor.default\">\n\t\t\t\t<div class=\"elementor-widget-container\">\n\t\t\t\t\t\t\t<p>Que vous optiez pour une interview d\u2019un de vos salari\u00e9s ou que vous souhaitiez capturer des sons pour une immersion totale, nous disposons de tout l\u2019\u00e9quipement n\u00e9cessaire.<br \/><br \/>Nous accordons une importance \u00e0 la qualit\u00e9 sonore de nos vid\u00e9os afin de transmettre votre message de mani\u00e8re claire et impactante.<\/p>\t\t\t\t\t\t<\/div>\n\t\t\t\t<\/div>\n\t\t\t\t<\/div>\n\t\t\t\t\t<\/div>\n\t\t\t\t<\/div>\n\t\t<div class=\"elementor-element elementor-element-00e1c83 e-flex e-con-boxed e-con e-parent\" data-id=\"00e1c83\" data-element_type=\"container\">\n\t\t\t\t\t<div class=\"e-con-inner\">\n\t\t\t\t<div class=\"elementor-element elementor-element-96c5c9c elementor-align-center elementor-widget elementor-widget-button\" data-id=\"96c5c9c\" data-element_type=\"widget\" data-widget_type=\"button.default\">\n\t\t\t\t<div class=\"elementor-widget-container\">\n\t\t\t\t\t<div class=\"elementor-button-wrapper\">\n\t\t\t<a class=\"elementor-button elementor-button-link elementor-size-sm\" href=\"#\">\n\t\t\t\t\t\t<span class=\"elementor-button-content-wrapper\">\n\t\t\t\t\t\t\t\t\t<span class=\"elementor-button-text\">VOIR LES FORFAITS<\/span>\n\t\t\t\t\t<\/span>\n\t\t\t\t\t<\/a>\n\t\t<\/div>\n\t\t\t\t<\/div>\n\t\t\t\t<\/div>\n\t\t\t\t\t<\/div>\n\t\t\t\t<\/div>\n\t\t<div class=\"elementor-element elementor-element-90e2001 e-con-full e-flex e-con e-parent\" data-id=\"90e2001\" data-element_type=\"container\" data-settings=\"{&quot;background_background&quot;:&quot;classic&quot;}\">\n\t\t<div class=\"elementor-element elementor-element-1658bc8 e-con-full e-flex e-con e-child\" data-id=\"1658bc8\" data-element_type=\"container\" data-settings=\"{&quot;background_background&quot;:&quot;classic&quot;}\">\n\t\t\t\t<\/div>\n\t\t<div class=\"elementor-element elementor-element-98c4260 e-con-full e-flex e-con e-child\" data-id=\"98c4260\" data-element_type=\"container\">\n\t\t\t\t<div class=\"elementor-element elementor-element-bdb0b72 elementor-widget__width-initial elementor-widget elementor-widget-heading\" data-id=\"bdb0b72\" data-element_type=\"widget\" data-widget_type=\"heading.default\">\n\t\t\t\t<div class=\"elementor-widget-container\">\n\t\t\t<h1 class=\"elementor-heading-title elementor-size-default\">VOS VID\u00c9OS<BR> A\u00c9RIENNES FILM\u00c9ES <BR>PAR DR\u00d4NE<\/h1>\t\t<\/div>\n\t\t\t\t<\/div>\n\t\t\t\t<div class=\"elementor-element elementor-element-847b5f9 elementor-widget elementor-widget-text-editor\" data-id=\"847b5f9\" data-element_type=\"widget\" data-widget_type=\"text-editor.default\">\n\t\t\t\t<div class=\"elementor-widget-container\">\n\t\t\t\t\t\t\t<p>Pour les vid\u00e9os en ext\u00e9rieur, d\u2019\u00e9v\u00e9nement, de parcelles de terrain, de b\u00e2timents, d\u2019entrep\u00f4t ou pour un mariage; rien de mieux qu\u2019une vue a\u00e9rienne qui donnera une autre dimension \u00e0 votre vid\u00e9o. Capturer des images par dr\u00f4ne nous permet de r\u00e9aliser des images innovantes et spectaculaires.<\/p>\t\t\t\t\t\t<\/div>\n\t\t\t\t<\/div>\n\t\t\t\t<\/div>\n\t\t\t\t<\/div>\n\t\t\t\t<\/div>\n\t\t","protected":false},"excerpt":{"rendered":"<p>Nos cameras &amp; stabilisateurs Votre vid\u00e9aste fait le point sur vos besoins et ajuste son mat\u00e9riel en cons\u00e9quence. La plupart de nos vid\u00e9os sont film\u00e9es avec une camera Sony Fx30 plac\u00e9e sur un stabilisateur. Nous disposons de plusieurs objectifs, afin de r\u00e9pondre \u00e0 vos besoins. Montage &amp; musiques libres de droit Avant la r\u00e9alisation du [&hellip;]<\/p>\n","protected":false},"author":1,"featured_media":0,"parent":0,"menu_order":0,"comment_status":"closed","ping_status":"closed","template":"","meta":{"footnotes":""},"class_list":["post-98","page","type-page","status-publish","hentry"],"_links":{"self":[{"href":"https:\/\/indev.storyteller.lu\/index.php?rest_route=\/wp\/v2\/pages\/98","targetHints":{"allow":["GET"]}}],"collection":[{"href":"https:\/\/indev.storyteller.lu\/index.php?rest_route=\/wp\/v2\/pages"}],"about":[{"href":"https:\/\/indev.storyteller.lu\/index.php?rest_route=\/wp\/v2\/types\/page"}],"author":[{"embeddable":true,"href":"https:\/\/indev.storyteller.lu\/index.php?rest_route=\/wp\/v2\/users\/1"}],"replies":[{"embeddable":true,"href":"https:\/\/indev.storyteller.lu\/index.php?rest_route=%2Fwp%2Fv2%2Fcomments&post=98"}],"version-history":[{"count":22,"href":"https:\/\/indev.storyteller.lu\/index.php?rest_route=\/wp\/v2\/pages\/98\/revisions"}],"predecessor-version":[{"id":229,"href":"https:\/\/indev.storyteller.lu\/index.php?rest_route=\/wp\/v2\/pages\/98\/revisions\/229"}],"wp:attachment":[{"href":"https:\/\/indev.storyteller.lu\/index.php?rest_route=%2Fwp%2Fv2%2Fmedia&parent=98"}],"curies":[{"name":"wp","href":"https:\/\/api.w.org\/{rel}","templated":true}]}}