{"id":37,"date":"2024-06-03T19:58:12","date_gmt":"2024-06-03T19:58:12","guid":{"rendered":"http:\/\/indev.storyteller.lu\/?page_id=37"},"modified":"2024-10-11T22:17:05","modified_gmt":"2024-10-11T22:17:05","slug":"home","status":"publish","type":"page","link":"https:\/\/indev.storyteller.lu\/","title":{"rendered":"home"},"content":{"rendered":"\t\t<div data-elementor-type=\"wp-page\" data-elementor-id=\"37\" class=\"elementor elementor-37\" data-elementor-post-type=\"page\">\n\t\t\t\t<div class=\"elementor-element elementor-element-191c8ce e-con-full e-flex e-con e-parent\" data-id=\"191c8ce\" data-element_type=\"container\" data-settings=\"{&quot;background_background&quot;:&quot;classic&quot;}\">\n\t\t\t\t<div class=\"elementor-element elementor-element-6258908 elementor-widget elementor-widget-image\" data-id=\"6258908\" data-element_type=\"widget\" data-widget_type=\"image.default\">\n\t\t\t\t<div class=\"elementor-widget-container\">\n\t\t\t\t\t\t\t\t\t\t\t\t\t<img fetchpriority=\"high\" decoding=\"async\" width=\"1214\" height=\"247\" src=\"https:\/\/indev.storyteller.lu\/wp-content\/uploads\/2024\/09\/Calque_1.png\" class=\"attachment-full size-full wp-image-209\" alt=\"\" srcset=\"https:\/\/indev.storyteller.lu\/wp-content\/uploads\/2024\/09\/Calque_1.png 1214w, https:\/\/indev.storyteller.lu\/wp-content\/uploads\/2024\/09\/Calque_1-300x61.png 300w, https:\/\/indev.storyteller.lu\/wp-content\/uploads\/2024\/09\/Calque_1-1024x208.png 1024w, https:\/\/indev.storyteller.lu\/wp-content\/uploads\/2024\/09\/Calque_1-768x156.png 768w\" sizes=\"(max-width: 1214px) 100vw, 1214px\" \/>\t\t\t\t\t\t\t\t\t\t\t\t\t<\/div>\n\t\t\t\t<\/div>\n\t\t\t\t<\/div>\n\t\t<div class=\"elementor-element elementor-element-63461ca e-flex e-con-boxed e-con e-parent\" data-id=\"63461ca\" data-element_type=\"container\">\n\t\t\t\t\t<div class=\"e-con-inner\">\n\t\t<div class=\"elementor-element elementor-element-a227d1f e-con-full e-flex e-con e-child\" data-id=\"a227d1f\" data-element_type=\"container\">\n\t\t\t\t<div class=\"elementor-element elementor-element-79e2be4 elementor-widget elementor-widget-heading\" data-id=\"79e2be4\" data-element_type=\"widget\" data-widget_type=\"heading.default\">\n\t\t\t\t<div class=\"elementor-widget-container\">\n\t\t\t<h1 class=\"elementor-heading-title elementor-size-default\">Boostez votre pr\u00e9sence en ligne et faites vivre votre marque sur les r\u00e9seaux sociaux !<\/h1>\t\t<\/div>\n\t\t\t\t<\/div>\n\t\t\t\t<\/div>\n\t\t<div class=\"elementor-element elementor-element-ca3da9c e-con-full e-flex e-con e-child\" data-id=\"ca3da9c\" data-element_type=\"container\">\n\t\t\t\t<\/div>\n\t\t<div class=\"elementor-element elementor-element-925d0da e-con-full e-flex e-con e-child\" data-id=\"925d0da\" data-element_type=\"container\">\n\t\t\t\t<div class=\"elementor-element elementor-element-5259a62 elementor-widget elementor-widget-text-editor\" data-id=\"5259a62\" data-element_type=\"widget\" data-widget_type=\"text-editor.default\">\n\t\t\t\t<div class=\"elementor-widget-container\">\n\t\t\t\t\t\t\t<p>Storyteller r\u00e9alise de courtes vid\u00e9os pour animer vos r\u00e9seaux sociaux. Que ce soit pour promouvoir vos produits et services, partager vos valeurs, interviewer vos salari\u00e9s ou renforcer votre pr\u00e9sence en ligne, Storyteller vous aide \u00e0 capturer l\u2019instant et \u00e0 captiver votre audience. <br \/><br \/>C\u2019est une solution rapide et abordable pour donner de la visibilit\u00e9 \u00e0 votre activit\u00e9 sur les r\u00e9seaux sociaux et cr\u00e9er du contenu de qualit\u00e9.<br \/><br \/>Postez r\u00e9guli\u00e8rement des r\u00e9els ou des stories vid\u00e9os pour augmenter votre taux d\u2019engagement sur Instagram, Facebook ou Tiktok. Partagez vos \u00e9v\u00e9nements avec une vid\u00e9o reportage sur youtube ou pour votre site internet<\/p>\t\t\t\t\t\t<\/div>\n\t\t\t\t<\/div>\n\t\t\t\t<\/div>\n\t\t\t\t\t<\/div>\n\t\t\t\t<\/div>\n\t\t<div class=\"elementor-element elementor-element-8fbf64e e-con-full e-flex e-con e-parent\" data-id=\"8fbf64e\" data-element_type=\"container\" data-settings=\"{&quot;background_background&quot;:&quot;classic&quot;}\">\n\t\t\t\t<div class=\"elementor-element elementor-element-e10b720 elementor-widget elementor-widget-text-editor\" data-id=\"e10b720\" data-element_type=\"widget\" data-widget_type=\"text-editor.default\">\n\t\t\t\t<div class=\"elementor-widget-container\">\n\t\t\t\t\t\t\t<p>86% des entreprises<br \/>utilisent la vid\u00e9o comme <br \/>un outil marketing.<\/p>\t\t\t\t\t\t<\/div>\n\t\t\t\t<\/div>\n\t\t\t\t<div class=\"elementor-element elementor-element-96c5c9c elementor-align-center elementor-widget elementor-widget-button\" data-id=\"96c5c9c\" data-element_type=\"widget\" data-widget_type=\"button.default\">\n\t\t\t\t<div class=\"elementor-widget-container\">\n\t\t\t\t\t<div class=\"elementor-button-wrapper\">\n\t\t\t<a class=\"elementor-button elementor-button-link elementor-size-sm\" href=\"#\">\n\t\t\t\t\t\t<span class=\"elementor-button-content-wrapper\">\n\t\t\t\t\t\t\t\t\t<span class=\"elementor-button-text\">NOTRE SERVICE<\/span>\n\t\t\t\t\t<\/span>\n\t\t\t\t\t<\/a>\n\t\t<\/div>\n\t\t\t\t<\/div>\n\t\t\t\t<\/div>\n\t\t\t\t<\/div>\n\t\t<div class=\"elementor-element elementor-element-4842a8c e-con-full e-flex e-con e-parent\" data-id=\"4842a8c\" data-element_type=\"container\">\n\t\t<div class=\"elementor-element elementor-element-100784a e-con-full e-flex e-con e-child\" data-id=\"100784a\" data-element_type=\"container\">\n\t\t\t\t<div class=\"elementor-element elementor-element-18dc085 elementor-widget elementor-widget-image\" data-id=\"18dc085\" data-element_type=\"widget\" data-widget_type=\"image.default\">\n\t\t\t\t<div class=\"elementor-widget-container\">\n\t\t\t\t\t\t\t\t\t\t\t\t\t<img decoding=\"async\" width=\"800\" height=\"800\" src=\"https:\/\/indev.storyteller.lu\/wp-content\/uploads\/2024\/10\/phones.png\" class=\"attachment-large size-large wp-image-220\" alt=\"\" srcset=\"https:\/\/indev.storyteller.lu\/wp-content\/uploads\/2024\/10\/phones.png 1000w, https:\/\/indev.storyteller.lu\/wp-content\/uploads\/2024\/10\/phones-300x300.png 300w, https:\/\/indev.storyteller.lu\/wp-content\/uploads\/2024\/10\/phones-150x150.png 150w, https:\/\/indev.storyteller.lu\/wp-content\/uploads\/2024\/10\/phones-768x768.png 768w\" sizes=\"(max-width: 800px) 100vw, 800px\" \/>\t\t\t\t\t\t\t\t\t\t\t\t\t<\/div>\n\t\t\t\t<\/div>\n\t\t\t\t<\/div>\n\t\t<div class=\"elementor-element elementor-element-27fc94d e-con-full e-flex e-con e-child\" data-id=\"27fc94d\" data-element_type=\"container\">\n\t\t\t\t<div class=\"elementor-element elementor-element-219d429 elementor-widget elementor-widget-heading\" data-id=\"219d429\" data-element_type=\"widget\" data-widget_type=\"heading.default\">\n\t\t\t\t<div class=\"elementor-widget-container\">\n\t\t\t<h1 class=\"elementor-heading-title elementor-size-default\">2023<br>\nl\u2019aire de La vid\u00e9o. <\/h1>\t\t<\/div>\n\t\t\t\t<\/div>\n\t\t\t\t<div class=\"elementor-element elementor-element-0a47ba6 elementor-widget elementor-widget-text-editor\" data-id=\"0a47ba6\" data-element_type=\"widget\" data-widget_type=\"text-editor.default\">\n\t\t\t\t<div class=\"elementor-widget-container\">\n\t\t\t\t\t\t\t<p>Ce support de communication en croissance est favoris\u00e9 par les diff\u00e9rents algorithmes sur les r\u00e9seaux sociaux et vous apporte ainsi plus de visibilit\u00e9. <br \/><br \/>De plus la communication par la vid\u00e9o augmente le taux d&#8217;assimilation des informations par les internautes. Vous aussi utilisez la video pour communiquer gr\u00e2ce \u00e0 Soryteller, votre vid\u00e9aste au Luxembourg.<\/p>\t\t\t\t\t\t<\/div>\n\t\t\t\t<\/div>\n\t\t\t\t<\/div>\n\t\t\t\t<\/div>\n\t\t<div class=\"elementor-element elementor-element-f2b845c e-con-full e-flex e-con e-parent\" data-id=\"f2b845c\" data-element_type=\"container\" data-settings=\"{&quot;background_background&quot;:&quot;classic&quot;}\">\n\t\t\t\t<div class=\"elementor-element elementor-element-df615eb elementor-widget elementor-widget-text-editor\" data-id=\"df615eb\" data-element_type=\"widget\" data-widget_type=\"text-editor.default\">\n\t\t\t\t<div class=\"elementor-widget-container\">\n\t\t\t\t\t\t\t<p>94% des gens se tournent vers la<br \/>vid\u00e9o pour en savoir plus sur un <br \/>produit ou un service en <br \/>particulier.<\/p>\t\t\t\t\t\t<\/div>\n\t\t\t\t<\/div>\n\t\t\t\t<div class=\"elementor-element elementor-element-8d66c72 elementor-widget elementor-widget-text-editor\" data-id=\"8d66c72\" data-element_type=\"widget\" data-widget_type=\"text-editor.default\">\n\t\t\t\t<div class=\"elementor-widget-container\">\n\t\t\t\t\t\t\t<p>Selon Wyzowl, State of video marketing, Report 2023.<\/p>\t\t\t\t\t\t<\/div>\n\t\t\t\t<\/div>\n\t\t\t\t<div class=\"elementor-element elementor-element-c7bbf47 elementor-align-center elementor-widget elementor-widget-button\" data-id=\"c7bbf47\" data-element_type=\"widget\" data-widget_type=\"button.default\">\n\t\t\t\t<div class=\"elementor-widget-container\">\n\t\t\t\t\t<div class=\"elementor-button-wrapper\">\n\t\t\t<a class=\"elementor-button elementor-button-link elementor-size-sm\" href=\"#\">\n\t\t\t\t\t\t<span class=\"elementor-button-content-wrapper\">\n\t\t\t\t\t\t\t\t\t<span class=\"elementor-button-text\">NOS DERNI\u00c8RES R\u00c9ALISATIONS<\/span>\n\t\t\t\t\t<\/span>\n\t\t\t\t\t<\/a>\n\t\t<\/div>\n\t\t\t\t<\/div>\n\t\t\t\t<\/div>\n\t\t\t\t<\/div>\n\t\t<div class=\"elementor-element elementor-element-8070a7f e-con-full e-flex e-con e-parent\" data-id=\"8070a7f\" data-element_type=\"container\" data-settings=\"{&quot;background_background&quot;:&quot;classic&quot;}\">\n\t\t\t\t<\/div>\n\t\t\t\t<\/div>\n\t\t","protected":false},"excerpt":{"rendered":"<p>Boostez votre pr\u00e9sence en ligne et faites vivre votre marque sur les r\u00e9seaux sociaux ! Storyteller r\u00e9alise de courtes vid\u00e9os pour animer vos r\u00e9seaux sociaux. Que ce soit pour promouvoir vos produits et services, partager vos valeurs, interviewer vos salari\u00e9s ou renforcer votre pr\u00e9sence en ligne, Storyteller vous aide \u00e0 capturer l\u2019instant et \u00e0 captiver [&hellip;]<\/p>\n","protected":false},"author":1,"featured_media":0,"parent":0,"menu_order":0,"comment_status":"closed","ping_status":"closed","template":"","meta":{"footnotes":""},"class_list":["post-37","page","type-page","status-publish","hentry"],"_links":{"self":[{"href":"https:\/\/indev.storyteller.lu\/index.php?rest_route=\/wp\/v2\/pages\/37","targetHints":{"allow":["GET"]}}],"collection":[{"href":"https:\/\/indev.storyteller.lu\/index.php?rest_route=\/wp\/v2\/pages"}],"about":[{"href":"https:\/\/indev.storyteller.lu\/index.php?rest_route=\/wp\/v2\/types\/page"}],"author":[{"embeddable":true,"href":"https:\/\/indev.storyteller.lu\/index.php?rest_route=\/wp\/v2\/users\/1"}],"replies":[{"embeddable":true,"href":"https:\/\/indev.storyteller.lu\/index.php?rest_route=%2Fwp%2Fv2%2Fcomments&post=37"}],"version-history":[{"count":46,"href":"https:\/\/indev.storyteller.lu\/index.php?rest_route=\/wp\/v2\/pages\/37\/revisions"}],"predecessor-version":[{"id":226,"href":"https:\/\/indev.storyteller.lu\/index.php?rest_route=\/wp\/v2\/pages\/37\/revisions\/226"}],"wp:attachment":[{"href":"https:\/\/indev.storyteller.lu\/index.php?rest_route=%2Fwp%2Fv2%2Fmedia&parent=37"}],"curies":[{"name":"wp","href":"https:\/\/api.w.org\/{rel}","templated":true}]}}