{"id":130,"date":"2024-06-12T22:47:15","date_gmt":"2024-06-12T22:47:15","guid":{"rendered":"http:\/\/indev.storyteller.lu\/?page_id=130"},"modified":"2024-10-11T22:36:34","modified_gmt":"2024-10-11T22:36:34","slug":"nos-projets","status":"publish","type":"page","link":"https:\/\/indev.storyteller.lu\/?page_id=130","title":{"rendered":"nos projets"},"content":{"rendered":"\t\t<div data-elementor-type=\"wp-page\" data-elementor-id=\"130\" class=\"elementor elementor-130\" data-elementor-post-type=\"page\">\n\t\t\t\t<div class=\"elementor-element elementor-element-191c8ce e-con-full e-flex e-con e-parent\" data-id=\"191c8ce\" data-element_type=\"container\" data-settings=\"{&quot;background_background&quot;:&quot;classic&quot;}\">\n\t\t\t\t<\/div>\n\t\t<div class=\"elementor-element elementor-element-e2a0242 e-flex e-con-boxed e-con e-parent\" data-id=\"e2a0242\" data-element_type=\"container\">\n\t\t\t\t\t<div class=\"e-con-inner\">\n\t\t<div class=\"elementor-element elementor-element-273122c e-con-full e-flex e-con e-child\" data-id=\"273122c\" data-element_type=\"container\">\n\t\t\t\t<div class=\"elementor-element elementor-element-cce9828 elementor-widget elementor-widget-heading\" data-id=\"cce9828\" data-element_type=\"widget\" data-widget_type=\"heading.default\">\n\t\t\t\t<div class=\"elementor-widget-container\">\n\t\t\t<h1 class=\"elementor-heading-title elementor-size-default\">la vid\u00e9o comme nouvel atout de votre communication<\/h1>\t\t<\/div>\n\t\t\t\t<\/div>\n\t\t\t\t<\/div>\n\t\t<div class=\"elementor-element elementor-element-fb5b7f3 e-con-full e-flex e-con e-child\" data-id=\"fb5b7f3\" data-element_type=\"container\">\n\t\t\t\t<\/div>\n\t\t<div class=\"elementor-element elementor-element-50ee790 e-con-full e-flex e-con e-child\" data-id=\"50ee790\" data-element_type=\"container\">\n\t\t\t\t<div class=\"elementor-element elementor-element-50ac8cf elementor-widget elementor-widget-text-editor\" data-id=\"50ac8cf\" data-element_type=\"widget\" data-widget_type=\"text-editor.default\">\n\t\t\t\t<div class=\"elementor-widget-container\">\n\t\t\t\t\t\t\t<p>Quel que soit votre besoin en contenu vid\u00e9o, Storyteller est pr\u00eat \u00e0 transformer votre imagination en r\u00e9alit\u00e9 visuelle qui captivera votre audience et renforcera votre pr\u00e9sence en ligne.<\/p>\t\t\t\t\t\t<\/div>\n\t\t\t\t<\/div>\n\t\t\t\t<\/div>\n\t\t\t\t\t<\/div>\n\t\t\t\t<\/div>\n\t\t<div class=\"elementor-element elementor-element-1c14869 e-con-full e-flex e-con e-parent\" data-id=\"1c14869\" data-element_type=\"container\" data-settings=\"{&quot;background_background&quot;:&quot;classic&quot;}\">\n\t\t\t\t<div class=\"elementor-element elementor-element-7f62fc8 elementor-widget elementor-widget-spacer\" data-id=\"7f62fc8\" data-element_type=\"widget\" data-widget_type=\"spacer.default\">\n\t\t\t\t<div class=\"elementor-widget-container\">\n\t\t\t\t\t<div class=\"elementor-spacer\">\n\t\t\t<div class=\"elementor-spacer-inner\"><\/div>\n\t\t<\/div>\n\t\t\t\t<\/div>\n\t\t\t\t<\/div>\n\t\t\t\t<div class=\"elementor-element elementor-element-c9eaa43 elementor-widget elementor-widget-html\" data-id=\"c9eaa43\" data-element_type=\"widget\" data-widget_type=\"html.default\">\n\t\t\t\t<div class=\"elementor-widget-container\">\n\t\t\t          <style type=\"text\/css\" id=\"vimeography-gallery-3-custom-css\">\n        \n      \/* Show Video Titles  *\/\n        #vimeography-gallery-3.vimeography-theme-harvestone .vimeography-title { display: block; }\n        \n          <\/style>\n            <div id=\"vimeography-gallery-3\" class=\"vimeography-theme-harvestone\" data-version=\"2.1\"  itemscope itemtype=\"http:\/\/schema.org\/VideoGallery\">\n        <div id=\"subbie\">\n          <gallery><\/gallery>\n        <\/div>\n      <\/div>\n    \t\t<\/div>\n\t\t\t\t<\/div>\n\t\t\t\t<div class=\"elementor-element elementor-element-17dc41f elementor-widget elementor-widget-text-editor\" data-id=\"17dc41f\" data-element_type=\"widget\" data-widget_type=\"text-editor.default\">\n\t\t\t\t<div class=\"elementor-widget-container\">\n\t\t\t\t\t\t\t<p>Avec Storyteller, il n\u2019a jamais \u00e9t\u00e9 <br \/>aussi simple de cr\u00e9er du contenu <br \/>vid\u00e9os pour votre entreprise.<\/p>\t\t\t\t\t\t<\/div>\n\t\t\t\t<\/div>\n\t\t\t\t<div class=\"elementor-element elementor-element-a110967 elementor-widget elementor-widget-spacer\" data-id=\"a110967\" data-element_type=\"widget\" data-widget_type=\"spacer.default\">\n\t\t\t\t<div class=\"elementor-widget-container\">\n\t\t\t\t\t<div class=\"elementor-spacer\">\n\t\t\t<div class=\"elementor-spacer-inner\"><\/div>\n\t\t<\/div>\n\t\t\t\t<\/div>\n\t\t\t\t<\/div>\n\t\t\t\t<\/div>\n\t\t<div class=\"elementor-element elementor-element-8613380 e-con-full e-flex e-con e-parent\" data-id=\"8613380\" data-element_type=\"container\" data-settings=\"{&quot;background_background&quot;:&quot;classic&quot;}\">\n\t\t<div class=\"elementor-element elementor-element-6969106 e-con-full e-flex e-con e-child\" data-id=\"6969106\" data-element_type=\"container\">\n\t\t\t\t<div class=\"elementor-element elementor-element-3f2ab00 elementor-widget__width-initial elementor-widget elementor-widget-heading\" data-id=\"3f2ab00\" data-element_type=\"widget\" data-widget_type=\"heading.default\">\n\t\t\t\t<div class=\"elementor-widget-container\">\n\t\t\t<h1 class=\"elementor-heading-title elementor-size-default\">Nos id\u00e9es de vid\u00e9os pour votre contenu<\/h1>\t\t<\/div>\n\t\t\t\t<\/div>\n\t\t\t\t<div class=\"elementor-element elementor-element-a75b8f3 elementor-widget elementor-widget-text-editor\" data-id=\"a75b8f3\" data-element_type=\"widget\" data-widget_type=\"text-editor.default\">\n\t\t\t\t<div class=\"elementor-widget-container\">\n\t\t\t\t\t\t\t<p>Afin de vous d\u00e9marquer sur les r\u00e9seaux sociaux, <br>voici un \u00e9ventail d\u2019id\u00e9es de vid\u00e9os que <br>l\u2019on peut concr\u00e9tiser ensemble.<\/p>\t\t\t\t\t\t<\/div>\n\t\t\t\t<\/div>\n\t\t\t\t<\/div>\n\t\t<div class=\"elementor-element elementor-element-8767156 e-con-full e-flex e-con e-child\" data-id=\"8767156\" data-element_type=\"container\">\n\t\t\t\t<div class=\"elementor-element elementor-element-bd26536 elementor-widget elementor-widget-text-editor\" data-id=\"bd26536\" data-element_type=\"widget\" data-widget_type=\"text-editor.default\">\n\t\t\t\t<div class=\"elementor-widget-container\">\n\t\t\t\t\t\t\t<ul><li>Promouvoir un \u00e9v\u00e9nement <\/li><li>Mettre en avant un de vos savoir faire<\/li><li>Partager un t\u00e9moignage client<\/li><li>R\u00e9aliser un question\/r\u00e9ponse <\/li><li>Raconter une anecdote sur la cr\u00e9ation de votre entreprise<\/li><li>Interviewer un membre de votre \u00e9quipe sur son r\u00f4le dans l\u2019entreprise<\/li><li>Pr\u00e9senter votre boutique\/atelier\/showroom<\/li><li>Partager un tutoriel ou une astuce<\/li><li>Mettre en avant vos derni\u00e8res nouveaut\u00e9s<\/li><\/ul>\t\t\t\t\t\t<\/div>\n\t\t\t\t<\/div>\n\t\t\t\t<\/div>\n\t\t\t\t<\/div>\n\t\t<div class=\"elementor-element elementor-element-7263c99 e-flex e-con-boxed e-con e-parent\" data-id=\"7263c99\" data-element_type=\"container\">\n\t\t\t\t\t<div class=\"e-con-inner\">\n\t\t\t\t<div class=\"elementor-element elementor-element-9e7b8ff elementor-widget elementor-widget-text-editor\" data-id=\"9e7b8ff\" data-element_type=\"widget\" data-widget_type=\"text-editor.default\">\n\t\t\t\t<div class=\"elementor-widget-container\">\n\t\t\t\t\t\t\t<p>Nous vous aidons \u00e0 d\u00e9finir <br \/>vos objectifs<\/p>\t\t\t\t\t\t<\/div>\n\t\t\t\t<\/div>\n\t\t\t\t<div class=\"elementor-element elementor-element-b63137f elementor-widget elementor-widget-text-editor\" data-id=\"b63137f\" data-element_type=\"widget\" data-widget_type=\"text-editor.default\">\n\t\t\t\t<div class=\"elementor-widget-container\">\n\t\t\t\t\t\t\t<p>D\u00e9finissons ensemble vos objectifs afin de r\u00e9aliser la vid\u00e9o qui captivera votre communaut\u00e9.<br \/>Voici un \u00e9ventail d\u2019objectifs que nous pourrions d\u00e9finir ensemble:<\/p>\t\t\t\t\t\t<\/div>\n\t\t\t\t<\/div>\n\t\t\t\t\t<\/div>\n\t\t\t\t<\/div>\n\t\t<div class=\"elementor-element elementor-element-6090bd1 e-flex e-con-boxed e-con e-parent\" data-id=\"6090bd1\" data-element_type=\"container\">\n\t\t\t\t\t<div class=\"e-con-inner\">\n\t\t<div class=\"elementor-element elementor-element-f290ee8 e-con-full e-flex e-con e-child\" data-id=\"f290ee8\" data-element_type=\"container\">\n\t\t\t\t<div class=\"elementor-element elementor-element-855ff30 elementor-widget elementor-widget-text-editor\" data-id=\"855ff30\" data-element_type=\"widget\" data-widget_type=\"text-editor.default\">\n\t\t\t\t<div class=\"elementor-widget-container\">\n\t\t\t\t\t\t\t<p>Rassurer sur la satisfaction client en r\u00e9alisant une interview client<\/p>\t\t\t\t\t\t<\/div>\n\t\t\t\t<\/div>\n\t\t\t\t<\/div>\n\t\t<div class=\"elementor-element elementor-element-85ea27e e-con-full e-flex e-con e-child\" data-id=\"85ea27e\" data-element_type=\"container\">\n\t\t\t\t<div class=\"elementor-element elementor-element-e734bfb elementor-widget elementor-widget-text-editor\" data-id=\"e734bfb\" data-element_type=\"widget\" data-widget_type=\"text-editor.default\">\n\t\t\t\t<div class=\"elementor-widget-container\">\n\t\t\t\t\t\t\t<p>Mettre en valeur vos actions, services ou produits en montrant le processus de cr\u00e9ation<\/p>\t\t\t\t\t\t<\/div>\n\t\t\t\t<\/div>\n\t\t\t\t<\/div>\n\t\t<div class=\"elementor-element elementor-element-928aeac e-con-full e-flex e-con e-child\" data-id=\"928aeac\" data-element_type=\"container\">\n\t\t\t\t<div class=\"elementor-element elementor-element-7a2bb69 elementor-widget elementor-widget-text-editor\" data-id=\"7a2bb69\" data-element_type=\"widget\" data-widget_type=\"text-editor.default\">\n\t\t\t\t<div class=\"elementor-widget-container\">\n\t\t\t\t\t\t\t<p>Promouvoir un service encore m\u00e9connu de vos clients<\/p>\t\t\t\t\t\t<\/div>\n\t\t\t\t<\/div>\n\t\t\t\t<\/div>\n\t\t<div class=\"elementor-element elementor-element-a11c553 e-con-full e-flex e-con e-child\" data-id=\"a11c553\" data-element_type=\"container\">\n\t\t\t\t<div class=\"elementor-element elementor-element-d482297 elementor-widget elementor-widget-text-editor\" data-id=\"d482297\" data-element_type=\"widget\" data-widget_type=\"text-editor.default\">\n\t\t\t\t<div class=\"elementor-widget-container\">\n\t\t\t\t\t\t\t<p>Valoriser votre marque employeur en interviewant vos salari\u00e9s<\/p>\t\t\t\t\t\t<\/div>\n\t\t\t\t<\/div>\n\t\t\t\t<\/div>\n\t\t\t\t\t<\/div>\n\t\t\t\t<\/div>\n\t\t<div class=\"elementor-element elementor-element-4e8b895 e-con-full e-flex e-con e-parent\" data-id=\"4e8b895\" data-element_type=\"container\" data-settings=\"{&quot;background_background&quot;:&quot;classic&quot;}\">\n\t\t\t\t<div class=\"elementor-element elementor-element-8de4c41 elementor-align-center elementor-widget elementor-widget-button\" data-id=\"8de4c41\" data-element_type=\"widget\" data-widget_type=\"button.default\">\n\t\t\t\t<div class=\"elementor-widget-container\">\n\t\t\t\t\t<div class=\"elementor-button-wrapper\">\n\t\t\t<a class=\"elementor-button elementor-button-link elementor-size-sm\" href=\"https:\/\/indev.storyteller.lu\/?page_id=158\">\n\t\t\t\t\t\t<span class=\"elementor-button-content-wrapper\">\n\t\t\t\t\t\t\t\t\t<span class=\"elementor-button-text\">VOIR NOS FORFAITS<\/span>\n\t\t\t\t\t<\/span>\n\t\t\t\t\t<\/a>\n\t\t<\/div>\n\t\t\t\t<\/div>\n\t\t\t\t<\/div>\n\t\t\t\t<\/div>\n\t\t<div class=\"elementor-element elementor-element-f297fae e-con-full e-flex e-con e-parent\" data-id=\"f297fae\" data-element_type=\"container\" data-settings=\"{&quot;background_background&quot;:&quot;classic&quot;}\">\n\t\t<div class=\"elementor-element elementor-element-43ea27e e-con-full e-flex e-con e-child\" data-id=\"43ea27e\" data-element_type=\"container\" data-settings=\"{&quot;background_background&quot;:&quot;classic&quot;}\">\n\t\t\t\t<\/div>\n\t\t<div class=\"elementor-element elementor-element-e27acb1 e-con-full e-flex e-con e-child\" data-id=\"e27acb1\" data-element_type=\"container\">\n\t\t\t\t<div class=\"elementor-element elementor-element-7261a06 elementor-widget__width-initial elementor-widget elementor-widget-heading\" data-id=\"7261a06\" data-element_type=\"widget\" data-widget_type=\"heading.default\">\n\t\t\t\t<div class=\"elementor-widget-container\">\n\t\t\t<h1 class=\"elementor-heading-title elementor-size-default\">UN VId\u00e9aste pour votre mariage.<\/h1>\t\t<\/div>\n\t\t\t\t<\/div>\n\t\t\t\t<div class=\"elementor-element elementor-element-1db78a0 elementor-widget elementor-widget-text-editor\" data-id=\"1db78a0\" data-element_type=\"widget\" data-widget_type=\"text-editor.default\">\n\t\t\t\t<div class=\"elementor-widget-container\">\n\t\t\t\t\t\t\t<p>Que diriez-vous d\u2019immortaliser le plus beau jour de votre vie en vid\u00e9o ? Nous r\u00e9alisons le film de votre mariage afin de retracer les moments les plus important de ce jour unique. De la pr\u00e9paration des mari\u00e9s, jusqu\u2019\u00e0 la la soir\u00e9e dansante, en passant par l\u2019\u00e9change des alliances, notre vid\u00e9aste capture les instants les plus marquants de votre journ\u00e9e<\/p>\t\t\t\t\t\t<\/div>\n\t\t\t\t<\/div>\n\t\t\t\t<div class=\"elementor-element elementor-element-b436a63 elementor-align-center elementor-widget elementor-widget-button\" data-id=\"b436a63\" data-element_type=\"widget\" data-widget_type=\"button.default\">\n\t\t\t\t<div class=\"elementor-widget-container\">\n\t\t\t\t\t<div class=\"elementor-button-wrapper\">\n\t\t\t<a class=\"elementor-button elementor-button-link elementor-size-sm\" href=\"https:\/\/indev.storyteller.lu\/?page_id=167\">\n\t\t\t\t\t\t<span class=\"elementor-button-content-wrapper\">\n\t\t\t\t\t\t\t\t\t<span class=\"elementor-button-text\">CONTACTEZ-NOUS<\/span>\n\t\t\t\t\t<\/span>\n\t\t\t\t\t<\/a>\n\t\t<\/div>\n\t\t\t\t<\/div>\n\t\t\t\t<\/div>\n\t\t\t\t<\/div>\n\t\t\t\t<\/div>\n\t\t<div class=\"elementor-element elementor-element-f041239 e-flex e-con-boxed e-con e-parent\" data-id=\"f041239\" data-element_type=\"container\" data-settings=\"{&quot;background_background&quot;:&quot;classic&quot;}\">\n\t\t\t\t\t<div class=\"e-con-inner\">\n\t\t\t\t<div class=\"elementor-element elementor-element-79e78ec elementor-arrows-position-inside elementor-pagination-position-outside elementor-widget elementor-widget-image-carousel\" data-id=\"79e78ec\" data-element_type=\"widget\" data-settings=\"{&quot;navigation&quot;:&quot;both&quot;,&quot;autoplay&quot;:&quot;yes&quot;,&quot;pause_on_hover&quot;:&quot;yes&quot;,&quot;pause_on_interaction&quot;:&quot;yes&quot;,&quot;autoplay_speed&quot;:5000,&quot;infinite&quot;:&quot;yes&quot;,&quot;speed&quot;:500}\" data-widget_type=\"image-carousel.default\">\n\t\t\t\t<div class=\"elementor-widget-container\">\n\t\t\t\t\t<div class=\"elementor-image-carousel-wrapper swiper\" dir=\"ltr\">\n\t\t\t<div class=\"elementor-image-carousel swiper-wrapper\" aria-live=\"off\">\n\t\t\t\t\t\t\t\t<div class=\"swiper-slide\" role=\"group\" aria-roledescription=\"slide\" aria-label=\"1 of 4\"><figure class=\"swiper-slide-inner\"><img decoding=\"async\" class=\"swiper-slide-image\" src=\"https:\/\/indev.storyteller.lu\/wp-content\/uploads\/2024\/06\/genaveh_logo_blanc-1.png\" alt=\"\" \/><\/figure><\/div><div class=\"swiper-slide\" role=\"group\" aria-roledescription=\"slide\" aria-label=\"2 of 4\"><figure class=\"swiper-slide-inner\"><img decoding=\"async\" class=\"swiper-slide-image\" src=\"https:\/\/indev.storyteller.lu\/wp-content\/uploads\/2024\/06\/Group-1.png\" alt=\"\" \/><\/figure><\/div><div class=\"swiper-slide\" role=\"group\" aria-roledescription=\"slide\" aria-label=\"3 of 4\"><figure class=\"swiper-slide-inner\"><img decoding=\"async\" class=\"swiper-slide-image\" src=\"https:\/\/indev.storyteller.lu\/wp-content\/uploads\/2024\/06\/Layer_1.png\" alt=\"\" \/><\/figure><\/div><div class=\"swiper-slide\" role=\"group\" aria-roledescription=\"slide\" aria-label=\"4 of 4\"><figure class=\"swiper-slide-inner\"><img decoding=\"async\" class=\"swiper-slide-image\" src=\"https:\/\/indev.storyteller.lu\/wp-content\/uploads\/2024\/06\/Mode_Isolation.png\" alt=\"\" \/><\/figure><\/div>\t\t\t<\/div>\n\t\t\t\t\t\t\t\t\t\t\t\t<div class=\"elementor-swiper-button elementor-swiper-button-prev\" role=\"button\" tabindex=\"0\">\n\t\t\t\t\t\t<svg aria-hidden=\"true\" class=\"e-font-icon-svg e-eicon-chevron-left\" viewBox=\"0 0 1000 1000\" xmlns=\"http:\/\/www.w3.org\/2000\/svg\"><path d=\"M646 125C629 125 613 133 604 142L308 442C296 454 292 471 292 487 292 504 296 521 308 533L604 854C617 867 629 875 646 875 663 875 679 871 692 858 704 846 713 829 713 812 713 796 708 779 692 767L438 487 692 225C700 217 708 204 708 187 708 171 704 154 692 142 675 129 663 125 646 125Z\"><\/path><\/svg>\t\t\t\t\t<\/div>\n\t\t\t\t\t<div class=\"elementor-swiper-button elementor-swiper-button-next\" role=\"button\" tabindex=\"0\">\n\t\t\t\t\t\t<svg aria-hidden=\"true\" class=\"e-font-icon-svg e-eicon-chevron-right\" viewBox=\"0 0 1000 1000\" xmlns=\"http:\/\/www.w3.org\/2000\/svg\"><path d=\"M696 533C708 521 713 504 713 487 713 471 708 454 696 446L400 146C388 133 375 125 354 125 338 125 325 129 313 142 300 154 292 171 292 187 292 204 296 221 308 233L563 492 304 771C292 783 288 800 288 817 288 833 296 850 308 863 321 871 338 875 354 875 371 875 388 867 400 854L696 533Z\"><\/path><\/svg>\t\t\t\t\t<\/div>\n\t\t\t\t\n\t\t\t\t\t\t\t\t\t<div class=\"swiper-pagination\"><\/div>\n\t\t\t\t\t\t\t\t\t<\/div>\n\t\t\t\t<\/div>\n\t\t\t\t<\/div>\n\t\t\t\t\t<\/div>\n\t\t\t\t<\/div>\n\t\t\t\t<\/div>\n\t\t","protected":false},"excerpt":{"rendered":"<p>la vid\u00e9o comme nouvel atout de votre communication Quel que soit votre besoin en contenu vid\u00e9o, Storyteller est pr\u00eat \u00e0 transformer votre imagination en r\u00e9alit\u00e9 visuelle qui captivera votre audience et renforcera votre pr\u00e9sence en ligne. Avec Storyteller, il n\u2019a jamais \u00e9t\u00e9 aussi simple de cr\u00e9er du contenu vid\u00e9os pour votre entreprise. Nos id\u00e9es de [&hellip;]<\/p>\n","protected":false},"author":1,"featured_media":0,"parent":0,"menu_order":0,"comment_status":"closed","ping_status":"closed","template":"","meta":{"footnotes":""},"class_list":["post-130","page","type-page","status-publish","hentry"],"_links":{"self":[{"href":"https:\/\/indev.storyteller.lu\/index.php?rest_route=\/wp\/v2\/pages\/130","targetHints":{"allow":["GET"]}}],"collection":[{"href":"https:\/\/indev.storyteller.lu\/index.php?rest_route=\/wp\/v2\/pages"}],"about":[{"href":"https:\/\/indev.storyteller.lu\/index.php?rest_route=\/wp\/v2\/types\/page"}],"author":[{"embeddable":true,"href":"https:\/\/indev.storyteller.lu\/index.php?rest_route=\/wp\/v2\/users\/1"}],"replies":[{"embeddable":true,"href":"https:\/\/indev.storyteller.lu\/index.php?rest_route=%2Fwp%2Fv2%2Fcomments&post=130"}],"version-history":[{"count":37,"href":"https:\/\/indev.storyteller.lu\/index.php?rest_route=\/wp\/v2\/pages\/130\/revisions"}],"predecessor-version":[{"id":254,"href":"https:\/\/indev.storyteller.lu\/index.php?rest_route=\/wp\/v2\/pages\/130\/revisions\/254"}],"wp:attachment":[{"href":"https:\/\/indev.storyteller.lu\/index.php?rest_route=%2Fwp%2Fv2%2Fmedia&parent=130"}],"curies":[{"name":"wp","href":"https:\/\/api.w.org\/{rel}","templated":true}]}}